{"id":1276,"date":"2018-10-09T04:16:38","date_gmt":"2018-10-09T04:16:38","guid":{"rendered":"https:\/\/www.sundecor.ee\/tooted-teenused\/paigaldus\/"},"modified":"2019-04-04T12:56:14","modified_gmt":"2019-04-04T12:56:14","slug":"paigaldus","status":"publish","type":"page","link":"https:\/\/www.sundecor.ee\/ru\/tooted-teenused\/paigaldus\/","title":{"rendered":"\u0423\u0421\u0422\u0410\u041d\u041e\u0412\u041a\u0410"},"content":{"rendered":"<div class=\"fusion-fullwidth fullwidth-box fusion-builder-row-1 nonhundred-percent-fullwidth non-hundred-percent-height-scrolling fusion-equal-height-columns\" style=\"--awb-border-radius-top-left:0px;--awb-border-radius-top-right:0px;--awb-border-radius-bottom-right:0px;--awb-border-radius-bottom-left:0px;--awb-margin-top:30px;--awb-margin-bottom:30px;--awb-flex-wrap:wrap;\" ><div class=\"fusion-builder-row fusion-row\"><div class=\"fusion-layout-column fusion_builder_column fusion-builder-column-0 fusion_builder_column_1_2 1_2 fusion-one-half fusion-column-first\" style=\"--awb-bg-size:cover;width:50%;width:calc(50% - ( ( 4% ) * 0.5 ) );margin-right: 4%;\"><div class=\"fusion-column-wrapper fusion-flex-column-wrapper-legacy\"><div class=\"fusion-image-element in-legacy-container\" style=\"--awb-caption-title-font-family:var(--h2_typography-font-family);--awb-caption-title-font-weight:var(--h2_typography-font-weight);--awb-caption-title-font-style:var(--h2_typography-font-style);--awb-caption-title-size:var(--h2_typography-font-size);--awb-caption-title-transform:var(--h2_typography-text-transform);--awb-caption-title-line-height:var(--h2_typography-line-height);--awb-caption-title-letter-spacing:var(--h2_typography-letter-spacing);\"><span class=\" fusion-imageframe imageframe-none imageframe-1 hover-type-none\"><img decoding=\"async\" width=\"1200\" height=\"800\" title=\"paigaldus_teenus\" src=\"https:\/\/www.sundecor.ee\/wp-content\/uploads\/2018\/11\/paigaldus_teenus.jpg\" alt class=\"img-responsive wp-image-1277\" srcset=\"https:\/\/www.sundecor.ee\/wp-content\/uploads\/2018\/11\/paigaldus_teenus-200x133.jpg 200w, https:\/\/www.sundecor.ee\/wp-content\/uploads\/2018\/11\/paigaldus_teenus-400x267.jpg 400w, https:\/\/www.sundecor.ee\/wp-content\/uploads\/2018\/11\/paigaldus_teenus-600x400.jpg 600w, https:\/\/www.sundecor.ee\/wp-content\/uploads\/2018\/11\/paigaldus_teenus-800x533.jpg 800w, https:\/\/www.sundecor.ee\/wp-content\/uploads\/2018\/11\/paigaldus_teenus.jpg 1200w\" sizes=\"(max-width: 800px) 100vw, 1200px\" \/><\/span><\/div><div class=\"fusion-clearfix\"><\/div><\/div><\/div><div class=\"fusion-layout-column fusion_builder_column fusion-builder-column-1 fusion_builder_column_1_2 1_2 fusion-one-half fusion-column-last\" style=\"--awb-bg-size:cover;width:50%;width:calc(50% - ( ( 4% ) * 0.5 ) );\"><div class=\"fusion-column-wrapper fusion-flex-column-wrapper-legacy\"><div class=\"fusion-column-content-centered\"><div class=\"fusion-column-content\"><div class=\"fusion-title title fusion-title-1 fusion-sep-none fusion-title-text fusion-title-size-one\" style=\"--awb-margin-top-small:10px;--awb-margin-right-small:0px;--awb-margin-bottom-small:10px;--awb-margin-left-small:0px;\"><h1 class=\"fusion-title-heading title-heading-left fusion-responsive-typography-calculated\" style=\"margin:0;--fontSize:30;line-height:1.2;\">\u0423\u0421\u0422\u0410\u041d\u041e\u0412\u041a\u0410<\/h1><\/div><div class=\"fusion-text fusion-text-1\"><p>\u041c\u044b \u043f\u0440\u0435\u0434\u043b\u0430\u0433\u0435\u043c \u0441\u0432\u043e\u0438\u043c \u043a\u043b\u0438\u0435\u043d\u0442\u0430\u043c \u043f\u043e\u043b\u043d\u043e\u0435 \u0440\u0435\u0448\u0435\u043d\u0438\u0435: \u043c\u044b \u043f\u0440\u0438\u0435\u0437\u0436\u0430\u0435\u043c \u043a \u0432\u0430\u043c \u043d\u0430 \u043c\u0435\u0441\u0442\u043e, \u0438\u0437\u043c\u0435\u0440\u044f\u0435\u043c, \u043a\u043e\u043d\u0441\u0443\u043b\u044c\u0442\u0438\u0440\u0443\u0435\u043c, \u0438\u0437\u0433\u043e\u0442\u0430\u0432\u043b\u0438\u0432\u0430\u0435\u043c \u0438\u0437\u0434\u0435\u043b\u0438\u044f, \u043f\u0440\u0435\u0434\u043b\u0430\u0433\u0430\u0435\u043c \u0442\u0440\u0430\u043d\u0441\u043f\u043e\u0440\u0442 \u0438 \u0443\u0441\u0442\u0430\u043d\u043e\u0432\u043a\u0443.<\/p>\n<p>\u041f\u0440\u043e\u0444\u0435\u0441\u0441\u0438\u043e\u043d\u0430\u043b\u044c\u043d\u0430\u044f \u0443\u0441\u0442\u0430\u043d\u043e\u0432\u043a\u0430 \u043e\u043a\u043e\u043d\u043d\u044b\u0445 \u043f\u043e\u043a\u0440\u044b\u0442\u0438\u0439 \u043e\u0431\u0435\u0441\u043f\u0435\u0447\u0438\u0432\u0430\u0435\u0442 \u0445\u043e\u0440\u043e\u0448\u0443\u044e \u043f\u043e\u0434\u0432\u0438\u0436\u043d\u043e\u0441\u0442\u044c \u0448\u0442\u043e\u0440 \u0438 \u043a\u0440\u0430\u0441\u0438\u0432\u044b\u0439 \u043e\u043a\u043e\u043d\u0447\u0430\u0442\u0435\u043b\u044c\u043d\u044b\u0439 \u0440\u0435\u0437\u0443\u043b\u044c\u0442\u0430\u0442. \u041d\u043e \u043d\u0435\u043f\u0440\u043e\u0444\u0435\u0441\u0441\u0438\u043e\u043d\u0430\u043b\u044c\u043d\u0430\u044f \u0438 \u043d\u0435\u0431\u0440\u0435\u0436\u043d\u0430\u044f \u0443\u0441\u0442\u0430\u043d\u043e\u0432\u043a\u0430 \u043c\u043e\u0436\u0435\u0442 \u0441\u043e\u0432\u0435\u0440\u0448\u0435\u043d\u043d\u043e \u0438\u0441\u043f\u043e\u0440\u0442\u0438\u0442\u044c \u0438 \u043f\u043e\u043c\u0435\u0449\u0435\u043d\u0438\u0435, \u0438 \u0437\u0430\u043a\u0430\u0437\u0430\u043d\u043d\u044b\u0435 \u0448\u0442\u043e\u0440\u044b. \u0418\u043c\u0435\u043d\u043d\u043e \u043f\u043e \u044d\u0442\u043e\u0439 \u043f\u0440\u0438\u0447\u0438\u043d\u0435 \u043c\u044b \u0440\u0435\u043a\u043e\u043c\u0435\u043d\u0434\u0443\u0435\u043c \u043a\u043b\u0438\u0435\u043d\u0442\u0430\u043c \u0437\u0430\u043a\u0430\u0437\u044b\u0432\u0430\u0442\u044c \u043f\u0440\u043e\u0434\u0443\u043a\u0442\u044b \u0441 \u0443\u0441\u0442\u0430\u043d\u043e\u0432\u043a\u043e\u0439. \u041d\u0430\u0448\u0430 \u043a\u043e\u043c\u0430\u043d\u0434\u0430 \u043f\u043e \u0443\u0441\u0442\u0430\u043d\u043e\u0432\u043a\u0435 \u0438\u043c\u0435\u0435\u0442 \u0431\u043e\u043b\u044c\u0448\u043e\u0439 \u043e\u043f\u044b\u0442 \u0432 \u044d\u0442\u043e\u0439 \u043e\u0431\u043b\u0430\u0441\u0442\u0438, \u0438 \u0443 \u043d\u0438\u0445 \u0435\u0441\u0442\u044c \u0432\u0441\u0435 \u043d\u0435\u043e\u0431\u0445\u043e\u0434\u0438\u043c\u044b\u0435 \u0438\u043d\u0441\u0442\u0440\u0443\u043c\u0435\u043d\u0442\u044b \u0438 \u043a\u0440\u0435\u043f\u0451\u0436. \u0420\u0430\u0431\u043e\u0442\u044b \u043f\u043e \u0443\u0441\u0442\u0430\u043d\u043e\u0432\u043a\u0435 \u0432\u044b\u043f\u043e\u043b\u043d\u044f\u044e\u0442\u0441\u044f \u043a\u043e\u0440\u0440\u0435\u043a\u0442\u043d\u043e, \u0430 \u043a \u043f\u043e\u043c\u0435\u0449\u0435\u043d\u0438\u044e \u043a\u043b\u0438\u0435\u043d\u0442\u0430 \u043e\u0442\u043d\u043e\u0441\u044f\u0442\u0441\u044f \u0443\u0432\u0430\u0436\u0438\u0442\u0435\u043b\u044c\u043d\u043e, \u0442.\u0435. \u043f\u043e\u0441\u043b\u0435 \u0443\u0441\u0442\u0430\u043d\u043e\u0432\u043a\u0438 \u043a\u043b\u0438\u0435\u043d\u0442 \u043d\u0435 \u0434\u043e\u043b\u0436\u0435\u043d \u0443\u0431\u0438\u0440\u0430\u0442\u044c \u0437\u0430 \u0443\u0441\u0442\u0430\u043d\u043e\u0432\u0449\u0438\u043a\u043e\u043c.<\/p>\n<p>\u041f\u0440\u0438 \u043d\u0435\u043e\u0431\u0445\u043e\u0434\u0438\u043c\u043e\u0441\u0442\u0438 \u0443\u0441\u0442\u0430\u043d\u043e\u0432\u0449\u0438\u043a \u0437\u043d\u0430\u043a\u043e\u043c\u0438\u0442 \u043a\u043b\u0438\u0435\u043d\u0442\u0430 \u0441 \u043f\u043e\u043b\u044c\u0437\u043e\u0432\u0430\u043d\u0438\u0435\u043c \u0438\u0437\u0434\u0435\u043b\u0438\u0435\u043c \u0438 \u0438\u043d\u0441\u0442\u0440\u0443\u043a\u0442\u0438\u0440\u0443\u0435\u0442 \u043f\u043e \u0432\u043e\u043f\u0440\u043e\u0441\u0443 \u043e\u0431\u0441\u043b\u0443\u0436\u0438\u0432\u0430\u043d\u0438\u044f.<\/p>\n<p>\u041d\u0430 \u0443\u0441\u0442\u0430\u043d\u043e\u0432\u043b\u0435\u043d\u043d\u044b\u0435 \u043d\u0430\u043c\u0438 \u0438\u0437\u0434\u0435\u043b\u0438\u044f \u0434\u0435\u0439\u0441\u0442\u0432\u0443\u0435\u0442 \u0433\u0430\u0440\u0430\u043d\u0442\u0438\u044f 2 \u0433\u043e\u0434\u0430.<\/p>\n<\/div><\/div><\/div><div class=\"fusion-clearfix\"><\/div><\/div><\/div><\/div><\/div>\n","protected":false},"excerpt":{"rendered":"","protected":false},"author":1,"featured_media":0,"parent":1078,"menu_order":0,"comment_status":"closed","ping_status":"closed","template":"","meta":{"footnotes":""},"class_list":["post-1276","page","type-page","status-publish","hentry"],"yoast_head":"<!-- This site is optimized with the Yoast SEO plugin v27.4 - https:\/\/yoast.com\/product\/yoast-seo-wordpress\/ -->\n<title>\u0423\u0421\u0422\u0410\u041d\u041e\u0412\u041a\u0410 - Sundecor<\/title>\n<meta name=\"description\" content=\"Sundecor - RIBAKARDINAD | RULOOKARDINAD | P\u00dcSTLAMELLKARDINAD | PANEELKARDINAD | VOLDIKKARDINAD | MARKIISID | VOLDIK- JA L\u00d5\u00d5TSUKSED\" \/>\n<meta name=\"robots\" content=\"index, follow, max-snippet:-1, max-image-preview:large, max-video-preview:-1\" \/>\n<link rel=\"canonical\" href=\"https:\/\/www.sundecor.ee\/ru\/tooted-teenused\/paigaldus\/\" \/>\n<meta property=\"og:locale\" content=\"ru_RU\" \/>\n<meta property=\"og:type\" content=\"article\" \/>\n<meta property=\"og:title\" content=\"\u0423\u0421\u0422\u0410\u041d\u041e\u0412\u041a\u0410 - Sundecor\" \/>\n<meta property=\"og:description\" content=\"Sundecor - RIBAKARDINAD | RULOOKARDINAD | P\u00dcSTLAMELLKARDINAD | PANEELKARDINAD | VOLDIKKARDINAD | MARKIISID | VOLDIK- JA L\u00d5\u00d5TSUKSED\" \/>\n<meta property=\"og:url\" content=\"https:\/\/www.sundecor.ee\/ru\/tooted-teenused\/paigaldus\/\" \/>\n<meta property=\"og:site_name\" content=\"Sundecor\" \/>\n<meta property=\"article:publisher\" content=\"https:\/\/www.facebook.com\/sundecoreesti\/\" \/>\n<meta property=\"article:modified_time\" content=\"2019-04-04T12:56:14+00:00\" \/>\n<meta property=\"og:image\" content=\"https:\/\/www.sundecor.ee\/wp-content\/uploads\/2021\/10\/veebibanner-1.png\" \/>\n\t<meta property=\"og:image:width\" content=\"1920\" \/>\n\t<meta property=\"og:image:height\" content=\"700\" \/>\n\t<meta property=\"og:image:type\" content=\"image\/png\" \/>\n<meta name=\"twitter:card\" content=\"summary_large_image\" \/>\n<meta name=\"twitter:label1\" content=\"\u041f\u0440\u0438\u043c\u0435\u0440\u043d\u043e\u0435 \u0432\u0440\u0435\u043c\u044f \u0434\u043b\u044f \u0447\u0442\u0435\u043d\u0438\u044f\" \/>\n\t<meta name=\"twitter:data1\" content=\"2 \u043c\u0438\u043d\u0443\u0442\u044b\" \/>\n<script type=\"application\/ld+json\" class=\"yoast-schema-graph\">{\"@context\":\"https:\\\/\\\/schema.org\",\"@graph\":[{\"@type\":\"WebPage\",\"@id\":\"https:\\\/\\\/www.sundecor.ee\\\/ru\\\/tooted-teenused\\\/paigaldus\\\/\",\"url\":\"https:\\\/\\\/www.sundecor.ee\\\/ru\\\/tooted-teenused\\\/paigaldus\\\/\",\"name\":\"\u0423\u0421\u0422\u0410\u041d\u041e\u0412\u041a\u0410 - Sundecor\",\"isPartOf\":{\"@id\":\"https:\\\/\\\/www.sundecor.ee\\\/#website\"},\"datePublished\":\"2018-10-09T04:16:38+00:00\",\"dateModified\":\"2019-04-04T12:56:14+00:00\",\"description\":\"Sundecor - RIBAKARDINAD | RULOOKARDINAD | P\u00dcSTLAMELLKARDINAD | PANEELKARDINAD | VOLDIKKARDINAD | MARKIISID | VOLDIK- JA L\u00d5\u00d5TSUKSED\",\"breadcrumb\":{\"@id\":\"https:\\\/\\\/www.sundecor.ee\\\/ru\\\/tooted-teenused\\\/paigaldus\\\/#breadcrumb\"},\"inLanguage\":\"ru-RU\",\"potentialAction\":[{\"@type\":\"ReadAction\",\"target\":[\"https:\\\/\\\/www.sundecor.ee\\\/ru\\\/tooted-teenused\\\/paigaldus\\\/\"]}]},{\"@type\":\"BreadcrumbList\",\"@id\":\"https:\\\/\\\/www.sundecor.ee\\\/ru\\\/tooted-teenused\\\/paigaldus\\\/#breadcrumb\",\"itemListElement\":[{\"@type\":\"ListItem\",\"position\":1,\"name\":\"Home\",\"item\":\"https:\\\/\\\/www.sundecor.ee\\\/ru\\\/\"},{\"@type\":\"ListItem\",\"position\":2,\"name\":\"\u0418\u0417\u0414\u0415\u041b\u0418\u042f &#038; \u0423\u0421\u041b\u0423\u0413\u0418\",\"item\":\"https:\\\/\\\/www.sundecor.ee\\\/ru\\\/tooted-teenused\\\/\"},{\"@type\":\"ListItem\",\"position\":3,\"name\":\"\u0423\u0421\u0422\u0410\u041d\u041e\u0412\u041a\u0410\"}]},{\"@type\":\"WebSite\",\"@id\":\"https:\\\/\\\/www.sundecor.ee\\\/#website\",\"url\":\"https:\\\/\\\/www.sundecor.ee\\\/\",\"name\":\"Sundecor - RIBAKARDINAD | RULOOKARDINAD | P\u00dcSTLAMELLKARDINAD | PANEELKARDINAD | VOLDIKKARDINAD | MARKIISID | VOLDIK- JA L\u00d5\u00d5TSUKSED\",\"description\":\"KVALITEETSED JA M\u00d5ISTLIKU HINNAGA AKNAKATTED AASTAST 1993\",\"publisher\":{\"@id\":\"https:\\\/\\\/www.sundecor.ee\\\/#organization\"},\"potentialAction\":[{\"@type\":\"SearchAction\",\"target\":{\"@type\":\"EntryPoint\",\"urlTemplate\":\"https:\\\/\\\/www.sundecor.ee\\\/?s={search_term_string}\"},\"query-input\":{\"@type\":\"PropertyValueSpecification\",\"valueRequired\":true,\"valueName\":\"search_term_string\"}}],\"inLanguage\":\"ru-RU\"},{\"@type\":\"Organization\",\"@id\":\"https:\\\/\\\/www.sundecor.ee\\\/#organization\",\"name\":\"P\u00e4ikesedekoori O\u00dc\",\"url\":\"https:\\\/\\\/www.sundecor.ee\\\/\",\"logo\":{\"@type\":\"ImageObject\",\"inLanguage\":\"ru-RU\",\"@id\":\"https:\\\/\\\/www.sundecor.ee\\\/#\\\/schema\\\/logo\\\/image\\\/\",\"url\":\"https:\\\/\\\/www.sundecor.ee\\\/wp-content\\\/uploads\\\/2022\\\/07\\\/cropped-logo.png\",\"contentUrl\":\"https:\\\/\\\/www.sundecor.ee\\\/wp-content\\\/uploads\\\/2022\\\/07\\\/cropped-logo.png\",\"width\":512,\"height\":512,\"caption\":\"P\u00e4ikesedekoori O\u00dc\"},\"image\":{\"@id\":\"https:\\\/\\\/www.sundecor.ee\\\/#\\\/schema\\\/logo\\\/image\\\/\"},\"sameAs\":[\"https:\\\/\\\/www.facebook.com\\\/sundecoreesti\\\/\"]}]}<\/script>\n<!-- \/ Yoast SEO plugin. -->","yoast_head_json":{"title":"\u0423\u0421\u0422\u0410\u041d\u041e\u0412\u041a\u0410 - Sundecor","description":"Sundecor - RIBAKARDINAD | RULOOKARDINAD | P\u00dcSTLAMELLKARDINAD | PANEELKARDINAD | VOLDIKKARDINAD | MARKIISID | VOLDIK- JA L\u00d5\u00d5TSUKSED","robots":{"index":"index","follow":"follow","max-snippet":"max-snippet:-1","max-image-preview":"max-image-preview:large","max-video-preview":"max-video-preview:-1"},"canonical":"https:\/\/www.sundecor.ee\/ru\/tooted-teenused\/paigaldus\/","og_locale":"ru_RU","og_type":"article","og_title":"\u0423\u0421\u0422\u0410\u041d\u041e\u0412\u041a\u0410 - Sundecor","og_description":"Sundecor - RIBAKARDINAD | RULOOKARDINAD | P\u00dcSTLAMELLKARDINAD | PANEELKARDINAD | VOLDIKKARDINAD | MARKIISID | VOLDIK- JA L\u00d5\u00d5TSUKSED","og_url":"https:\/\/www.sundecor.ee\/ru\/tooted-teenused\/paigaldus\/","og_site_name":"Sundecor","article_publisher":"https:\/\/www.facebook.com\/sundecoreesti\/","article_modified_time":"2019-04-04T12:56:14+00:00","og_image":[{"width":1920,"height":700,"url":"https:\/\/www.sundecor.ee\/wp-content\/uploads\/2021\/10\/veebibanner-1.png","type":"image\/png"}],"twitter_card":"summary_large_image","twitter_misc":{"\u041f\u0440\u0438\u043c\u0435\u0440\u043d\u043e\u0435 \u0432\u0440\u0435\u043c\u044f \u0434\u043b\u044f \u0447\u0442\u0435\u043d\u0438\u044f":"2 \u043c\u0438\u043d\u0443\u0442\u044b"},"schema":{"@context":"https:\/\/schema.org","@graph":[{"@type":"WebPage","@id":"https:\/\/www.sundecor.ee\/ru\/tooted-teenused\/paigaldus\/","url":"https:\/\/www.sundecor.ee\/ru\/tooted-teenused\/paigaldus\/","name":"\u0423\u0421\u0422\u0410\u041d\u041e\u0412\u041a\u0410 - Sundecor","isPartOf":{"@id":"https:\/\/www.sundecor.ee\/#website"},"datePublished":"2018-10-09T04:16:38+00:00","dateModified":"2019-04-04T12:56:14+00:00","description":"Sundecor - RIBAKARDINAD | RULOOKARDINAD | P\u00dcSTLAMELLKARDINAD | PANEELKARDINAD | VOLDIKKARDINAD | MARKIISID | VOLDIK- JA L\u00d5\u00d5TSUKSED","breadcrumb":{"@id":"https:\/\/www.sundecor.ee\/ru\/tooted-teenused\/paigaldus\/#breadcrumb"},"inLanguage":"ru-RU","potentialAction":[{"@type":"ReadAction","target":["https:\/\/www.sundecor.ee\/ru\/tooted-teenused\/paigaldus\/"]}]},{"@type":"BreadcrumbList","@id":"https:\/\/www.sundecor.ee\/ru\/tooted-teenused\/paigaldus\/#breadcrumb","itemListElement":[{"@type":"ListItem","position":1,"name":"Home","item":"https:\/\/www.sundecor.ee\/ru\/"},{"@type":"ListItem","position":2,"name":"\u0418\u0417\u0414\u0415\u041b\u0418\u042f &#038; \u0423\u0421\u041b\u0423\u0413\u0418","item":"https:\/\/www.sundecor.ee\/ru\/tooted-teenused\/"},{"@type":"ListItem","position":3,"name":"\u0423\u0421\u0422\u0410\u041d\u041e\u0412\u041a\u0410"}]},{"@type":"WebSite","@id":"https:\/\/www.sundecor.ee\/#website","url":"https:\/\/www.sundecor.ee\/","name":"Sundecor - RIBAKARDINAD | RULOOKARDINAD | P\u00dcSTLAMELLKARDINAD | PANEELKARDINAD | VOLDIKKARDINAD | MARKIISID | VOLDIK- JA L\u00d5\u00d5TSUKSED","description":"KVALITEETSED JA M\u00d5ISTLIKU HINNAGA AKNAKATTED AASTAST 1993","publisher":{"@id":"https:\/\/www.sundecor.ee\/#organization"},"potentialAction":[{"@type":"SearchAction","target":{"@type":"EntryPoint","urlTemplate":"https:\/\/www.sundecor.ee\/?s={search_term_string}"},"query-input":{"@type":"PropertyValueSpecification","valueRequired":true,"valueName":"search_term_string"}}],"inLanguage":"ru-RU"},{"@type":"Organization","@id":"https:\/\/www.sundecor.ee\/#organization","name":"P\u00e4ikesedekoori O\u00dc","url":"https:\/\/www.sundecor.ee\/","logo":{"@type":"ImageObject","inLanguage":"ru-RU","@id":"https:\/\/www.sundecor.ee\/#\/schema\/logo\/image\/","url":"https:\/\/www.sundecor.ee\/wp-content\/uploads\/2022\/07\/cropped-logo.png","contentUrl":"https:\/\/www.sundecor.ee\/wp-content\/uploads\/2022\/07\/cropped-logo.png","width":512,"height":512,"caption":"P\u00e4ikesedekoori O\u00dc"},"image":{"@id":"https:\/\/www.sundecor.ee\/#\/schema\/logo\/image\/"},"sameAs":["https:\/\/www.facebook.com\/sundecoreesti\/"]}]}},"_links":{"self":[{"href":"https:\/\/www.sundecor.ee\/ru\/wp-json\/wp\/v2\/pages\/1276","targetHints":{"allow":["GET"]}}],"collection":[{"href":"https:\/\/www.sundecor.ee\/ru\/wp-json\/wp\/v2\/pages"}],"about":[{"href":"https:\/\/www.sundecor.ee\/ru\/wp-json\/wp\/v2\/types\/page"}],"author":[{"embeddable":true,"href":"https:\/\/www.sundecor.ee\/ru\/wp-json\/wp\/v2\/users\/1"}],"replies":[{"embeddable":true,"href":"https:\/\/www.sundecor.ee\/ru\/wp-json\/wp\/v2\/comments?post=1276"}],"version-history":[{"count":0,"href":"https:\/\/www.sundecor.ee\/ru\/wp-json\/wp\/v2\/pages\/1276\/revisions"}],"up":[{"embeddable":true,"href":"https:\/\/www.sundecor.ee\/ru\/wp-json\/wp\/v2\/pages\/1078"}],"wp:attachment":[{"href":"https:\/\/www.sundecor.ee\/ru\/wp-json\/wp\/v2\/media?parent=1276"}],"curies":[{"name":"wp","href":"https:\/\/api.w.org\/{rel}","templated":true}]}}