{"id":1239,"date":"2018-10-09T03:28:40","date_gmt":"2018-10-09T03:28:40","guid":{"rendered":"https:\/\/www.sundecor.ee\/kontakt\/"},"modified":"2025-12-05T03:50:11","modified_gmt":"2025-12-05T01:50:11","slug":"kontakt","status":"publish","type":"page","link":"https:\/\/www.sundecor.ee\/ru\/kontakt\/","title":{"rendered":"\u041a\u041e\u041d\u0422\u0410\u041a\u0422"},"content":{"rendered":"<div id=\"proov\" class=\"fusion-container-anchor\"><div class=\"fusion-fullwidth fullwidth-box fusion-builder-row-1 nonhundred-percent-fullwidth non-hundred-percent-height-scrolling fusion-equal-height-columns\" style=\"--awb-border-radius-top-left:0px;--awb-border-radius-top-right:0px;--awb-border-radius-bottom-right:0px;--awb-border-radius-bottom-left:0px;--awb-margin-top:40px;--awb-margin-bottom:20px;--awb-flex-wrap:wrap;\" ><div class=\"fusion-builder-row fusion-row\"><div class=\"fusion-layout-column fusion_builder_column fusion-builder-column-0 fusion_builder_column_1_2 1_2 fusion-one-half fusion-column-first\" style=\"--awb-bg-size:cover;width:50%;width:calc(50% - ( ( 50px ) * 0.5 ) );margin-right: 50px;\"><div class=\"fusion-column-wrapper fusion-flex-column-wrapper-legacy\"><iframe src=\"https:\/\/www.google.com\/maps\/embed?pb=!1m18!1m12!1m3!1d7446.028162121225!2d24.687497255372694!3d59.41659878747913!2m3!1f0!2f0!3f0!3m2!1i1024!2i768!4f13.1!3m3!1m2!1s0x0%3A0x9e55bee743ebf2f2!2sSundecor+Eesti!5e0!3m2!1sen!2see!4v1539860770980\" width=\"100%\" height=\"550\" frameborder=\"0\" style=\"border:0\" allowfullscreen><\/iframe><div class=\"fusion-clearfix\"><\/div><\/div><\/div><div class=\"fusion-layout-column fusion_builder_column fusion-builder-column-1 fusion_builder_column_1_2 1_2 fusion-one-half fusion-column-last\" style=\"--awb-bg-size:cover;width:50%;width:calc(50% - ( ( 50px ) * 0.5 ) );\"><div class=\"fusion-column-wrapper fusion-flex-column-wrapper-legacy\"><div class=\"fusion-column-content-centered\"><div class=\"fusion-column-content\"><div class=\"fusion-title title fusion-title-1 fusion-sep-none fusion-title-text fusion-title-size-one\" style=\"--awb-margin-top:10px;--awb-margin-bottom:20px;--awb-margin-top-small:10px;--awb-margin-right-small:0px;--awb-margin-bottom-small:10px;--awb-margin-left-small:0px;\"><h1 class=\"fusion-title-heading title-heading-left fusion-responsive-typography-calculated\" style=\"margin:0;--fontSize:30;line-height:1.2;\"><p style=\"text-align: left;\"><strong>\u041a\u041e\u041d\u0422\u0410\u041a\u0422<\/strong><\/p><\/h1><\/div><div class=\"fusion-text fusion-text-1\"><p><strong>P\u00e4ikesedekoori O\u00dc<\/strong><\/p>\n<p><strong>\u041c\u044b \u043e\u0442\u043a\u0440\u044b\u0442\u044b \u0432 \u0440\u0430\u0431\u043e\u0447\u0438\u0435 \u0434\u043d\u0438 8.30-18.00<br \/>\nMustam\u00e4e tee 50a, Tallinn 10621<\/strong><\/p>\n<p>\u041d\u043e\u043c\u0435\u0440 \u0440\u0435\u0433\u0438\u0441\u0442\u0440\u0430\u0446\u0438\u0438: 10165162<br \/>\n\u041d\u043e\u043c\u0435\u0440 \u043e\u0431\u044f\u0437\u0430\u043d\u043d\u043e\u0433\u043e \u043f\u043e \u043d\u0430\u043b\u043e\u0433\u0443 \u043d\u0430 \u0434\u043e\u0431\u0430\u0432\u043b\u0435\u043d\u043d\u0443\u044e \u0441\u0442\u043e\u0438\u043c\u043e\u0441\u0442\u044c: EE100060416<br \/>\n\u0420\u0430\u0441\u0447\u0451\u0442\u043d\u044b\u0439 \u0441\u0447\u0451\u0442 Swedbank: EE712200221070202426<\/p>\n<\/div><div class=\"fusion-builder-row fusion-builder-row-inner fusion-row\"><div class=\"fusion-layout-column fusion_builder_column_inner fusion-builder-nested-column-0 fusion_builder_column_inner_1_2 1_2 fusion-one-half fusion-column-first\" style=\"--awb-bg-size:cover;width:50%;width:calc(50% - ( ( 4% ) * 0.5 ) );margin-right: 4%;\"><div class=\"fusion-column-wrapper fusion-flex-column-wrapper-legacy\"><div class=\"fusion-text fusion-text-2\"><p><strong>\u041a\u043e\u043d\u0442\u0430\u043a\u0442<\/strong><\/p>\n<p><a href=\"tel: +372 656 2641\">(+372) 656 2641<\/a><br \/>\n<a href=\"mailto:info@sundecor.ee\">info@sundecor.ee<\/a><\/p>\n<\/div><div class=\"fusion-clearfix\"><\/div><\/div><\/div><div class=\"fusion-layout-column fusion_builder_column_inner fusion-builder-nested-column-1 fusion_builder_column_inner_1_2 1_2 fusion-one-half fusion-column-last\" style=\"--awb-bg-size:cover;width:50%;width:calc(50% - ( ( 4% ) * 0.5 ) );\"><div class=\"fusion-column-wrapper fusion-flex-column-wrapper-legacy\"><div class=\"fusion-text fusion-text-3\"><p><strong>Tatjana Vesselova<\/strong><br \/>\n\u0420\u0443\u043a\u043e\u0432\u043e\u0434\u0438\u0442\u0435\u043b\u044c \u0440\u0430\u0431\u043e\u0442<br \/>\n(+372) 506 5443<\/p>\n<\/div><div class=\"fusion-clearfix\"><\/div><\/div><\/div><\/div><\/div><\/div><div class=\"fusion-clearfix\"><\/div><\/div><\/div><\/div><\/div><\/div>\n","protected":false},"excerpt":{"rendered":"","protected":false},"author":1,"featured_media":0,"parent":0,"menu_order":0,"comment_status":"closed","ping_status":"closed","template":"100-width.php","meta":{"footnotes":""},"class_list":["post-1239","page","type-page","status-publish","hentry"],"yoast_head":"<!-- This site is optimized with the Yoast SEO plugin v27.4 - https:\/\/yoast.com\/product\/yoast-seo-wordpress\/ -->\n<title>\u041a\u041e\u041d\u0422\u0410\u041a\u0422 - Sundecor<\/title>\n<meta name=\"description\" content=\"Sundecor - RIBAKARDINAD | RULOOKARDINAD | P\u00dcSTLAMELLKARDINAD | PANEELKARDINAD | VOLDIKKARDINAD | MARKIISID | VOLDIK- JA L\u00d5\u00d5TSUKSED\" \/>\n<meta name=\"robots\" content=\"index, follow, max-snippet:-1, max-image-preview:large, max-video-preview:-1\" \/>\n<link rel=\"canonical\" href=\"https:\/\/www.sundecor.ee\/ru\/kontakt\/\" \/>\n<meta property=\"og:locale\" content=\"ru_RU\" \/>\n<meta property=\"og:type\" content=\"article\" \/>\n<meta property=\"og:title\" content=\"\u041a\u041e\u041d\u0422\u0410\u041a\u0422 - Sundecor\" \/>\n<meta property=\"og:description\" content=\"Sundecor - RIBAKARDINAD | RULOOKARDINAD | P\u00dcSTLAMELLKARDINAD | PANEELKARDINAD | VOLDIKKARDINAD | MARKIISID | VOLDIK- JA L\u00d5\u00d5TSUKSED\" \/>\n<meta property=\"og:url\" content=\"https:\/\/www.sundecor.ee\/ru\/kontakt\/\" \/>\n<meta property=\"og:site_name\" content=\"Sundecor\" \/>\n<meta property=\"article:publisher\" content=\"https:\/\/www.facebook.com\/sundecoreesti\/\" \/>\n<meta property=\"article:modified_time\" content=\"2025-12-05T01:50:11+00:00\" \/>\n<meta property=\"og:image\" content=\"https:\/\/www.sundecor.ee\/wp-content\/uploads\/2021\/10\/veebibanner-1.png\" \/>\n\t<meta property=\"og:image:width\" content=\"1920\" \/>\n\t<meta property=\"og:image:height\" content=\"700\" \/>\n\t<meta property=\"og:image:type\" content=\"image\/png\" \/>\n<meta name=\"twitter:card\" content=\"summary_large_image\" \/>\n<meta name=\"twitter:label1\" content=\"\u041f\u0440\u0438\u043c\u0435\u0440\u043d\u043e\u0435 \u0432\u0440\u0435\u043c\u044f \u0434\u043b\u044f \u0447\u0442\u0435\u043d\u0438\u044f\" \/>\n\t<meta name=\"twitter:data1\" content=\"2 \u043c\u0438\u043d\u0443\u0442\u044b\" \/>\n<script type=\"application\/ld+json\" class=\"yoast-schema-graph\">{\"@context\":\"https:\\\/\\\/schema.org\",\"@graph\":[{\"@type\":\"WebPage\",\"@id\":\"https:\\\/\\\/www.sundecor.ee\\\/ru\\\/kontakt\\\/\",\"url\":\"https:\\\/\\\/www.sundecor.ee\\\/ru\\\/kontakt\\\/\",\"name\":\"\u041a\u041e\u041d\u0422\u0410\u041a\u0422 - Sundecor\",\"isPartOf\":{\"@id\":\"https:\\\/\\\/www.sundecor.ee\\\/#website\"},\"datePublished\":\"2018-10-09T03:28:40+00:00\",\"dateModified\":\"2025-12-05T01:50:11+00:00\",\"description\":\"Sundecor - RIBAKARDINAD | RULOOKARDINAD | P\u00dcSTLAMELLKARDINAD | PANEELKARDINAD | VOLDIKKARDINAD | MARKIISID | VOLDIK- JA L\u00d5\u00d5TSUKSED\",\"breadcrumb\":{\"@id\":\"https:\\\/\\\/www.sundecor.ee\\\/ru\\\/kontakt\\\/#breadcrumb\"},\"inLanguage\":\"ru-RU\",\"potentialAction\":[{\"@type\":\"ReadAction\",\"target\":[\"https:\\\/\\\/www.sundecor.ee\\\/ru\\\/kontakt\\\/\"]}]},{\"@type\":\"BreadcrumbList\",\"@id\":\"https:\\\/\\\/www.sundecor.ee\\\/ru\\\/kontakt\\\/#breadcrumb\",\"itemListElement\":[{\"@type\":\"ListItem\",\"position\":1,\"name\":\"Home\",\"item\":\"https:\\\/\\\/www.sundecor.ee\\\/ru\\\/\"},{\"@type\":\"ListItem\",\"position\":2,\"name\":\"\u041a\u041e\u041d\u0422\u0410\u041a\u0422\"}]},{\"@type\":\"WebSite\",\"@id\":\"https:\\\/\\\/www.sundecor.ee\\\/#website\",\"url\":\"https:\\\/\\\/www.sundecor.ee\\\/\",\"name\":\"Sundecor - RIBAKARDINAD | RULOOKARDINAD | P\u00dcSTLAMELLKARDINAD | PANEELKARDINAD | VOLDIKKARDINAD | MARKIISID | VOLDIK- JA L\u00d5\u00d5TSUKSED\",\"description\":\"KVALITEETSED JA M\u00d5ISTLIKU HINNAGA AKNAKATTED AASTAST 1993\",\"publisher\":{\"@id\":\"https:\\\/\\\/www.sundecor.ee\\\/#organization\"},\"potentialAction\":[{\"@type\":\"SearchAction\",\"target\":{\"@type\":\"EntryPoint\",\"urlTemplate\":\"https:\\\/\\\/www.sundecor.ee\\\/?s={search_term_string}\"},\"query-input\":{\"@type\":\"PropertyValueSpecification\",\"valueRequired\":true,\"valueName\":\"search_term_string\"}}],\"inLanguage\":\"ru-RU\"},{\"@type\":\"Organization\",\"@id\":\"https:\\\/\\\/www.sundecor.ee\\\/#organization\",\"name\":\"P\u00e4ikesedekoori O\u00dc\",\"url\":\"https:\\\/\\\/www.sundecor.ee\\\/\",\"logo\":{\"@type\":\"ImageObject\",\"inLanguage\":\"ru-RU\",\"@id\":\"https:\\\/\\\/www.sundecor.ee\\\/#\\\/schema\\\/logo\\\/image\\\/\",\"url\":\"https:\\\/\\\/www.sundecor.ee\\\/wp-content\\\/uploads\\\/2022\\\/07\\\/cropped-logo.png\",\"contentUrl\":\"https:\\\/\\\/www.sundecor.ee\\\/wp-content\\\/uploads\\\/2022\\\/07\\\/cropped-logo.png\",\"width\":512,\"height\":512,\"caption\":\"P\u00e4ikesedekoori O\u00dc\"},\"image\":{\"@id\":\"https:\\\/\\\/www.sundecor.ee\\\/#\\\/schema\\\/logo\\\/image\\\/\"},\"sameAs\":[\"https:\\\/\\\/www.facebook.com\\\/sundecoreesti\\\/\"]}]}<\/script>\n<!-- \/ Yoast SEO plugin. -->","yoast_head_json":{"title":"\u041a\u041e\u041d\u0422\u0410\u041a\u0422 - Sundecor","description":"Sundecor - RIBAKARDINAD | RULOOKARDINAD | P\u00dcSTLAMELLKARDINAD | PANEELKARDINAD | VOLDIKKARDINAD | MARKIISID | VOLDIK- JA L\u00d5\u00d5TSUKSED","robots":{"index":"index","follow":"follow","max-snippet":"max-snippet:-1","max-image-preview":"max-image-preview:large","max-video-preview":"max-video-preview:-1"},"canonical":"https:\/\/www.sundecor.ee\/ru\/kontakt\/","og_locale":"ru_RU","og_type":"article","og_title":"\u041a\u041e\u041d\u0422\u0410\u041a\u0422 - Sundecor","og_description":"Sundecor - RIBAKARDINAD | RULOOKARDINAD | P\u00dcSTLAMELLKARDINAD | PANEELKARDINAD | VOLDIKKARDINAD | MARKIISID | VOLDIK- JA L\u00d5\u00d5TSUKSED","og_url":"https:\/\/www.sundecor.ee\/ru\/kontakt\/","og_site_name":"Sundecor","article_publisher":"https:\/\/www.facebook.com\/sundecoreesti\/","article_modified_time":"2025-12-05T01:50:11+00:00","og_image":[{"width":1920,"height":700,"url":"https:\/\/www.sundecor.ee\/wp-content\/uploads\/2021\/10\/veebibanner-1.png","type":"image\/png"}],"twitter_card":"summary_large_image","twitter_misc":{"\u041f\u0440\u0438\u043c\u0435\u0440\u043d\u043e\u0435 \u0432\u0440\u0435\u043c\u044f \u0434\u043b\u044f \u0447\u0442\u0435\u043d\u0438\u044f":"2 \u043c\u0438\u043d\u0443\u0442\u044b"},"schema":{"@context":"https:\/\/schema.org","@graph":[{"@type":"WebPage","@id":"https:\/\/www.sundecor.ee\/ru\/kontakt\/","url":"https:\/\/www.sundecor.ee\/ru\/kontakt\/","name":"\u041a\u041e\u041d\u0422\u0410\u041a\u0422 - Sundecor","isPartOf":{"@id":"https:\/\/www.sundecor.ee\/#website"},"datePublished":"2018-10-09T03:28:40+00:00","dateModified":"2025-12-05T01:50:11+00:00","description":"Sundecor - RIBAKARDINAD | RULOOKARDINAD | P\u00dcSTLAMELLKARDINAD | PANEELKARDINAD | VOLDIKKARDINAD | MARKIISID | VOLDIK- JA L\u00d5\u00d5TSUKSED","breadcrumb":{"@id":"https:\/\/www.sundecor.ee\/ru\/kontakt\/#breadcrumb"},"inLanguage":"ru-RU","potentialAction":[{"@type":"ReadAction","target":["https:\/\/www.sundecor.ee\/ru\/kontakt\/"]}]},{"@type":"BreadcrumbList","@id":"https:\/\/www.sundecor.ee\/ru\/kontakt\/#breadcrumb","itemListElement":[{"@type":"ListItem","position":1,"name":"Home","item":"https:\/\/www.sundecor.ee\/ru\/"},{"@type":"ListItem","position":2,"name":"\u041a\u041e\u041d\u0422\u0410\u041a\u0422"}]},{"@type":"WebSite","@id":"https:\/\/www.sundecor.ee\/#website","url":"https:\/\/www.sundecor.ee\/","name":"Sundecor - RIBAKARDINAD | RULOOKARDINAD | P\u00dcSTLAMELLKARDINAD | PANEELKARDINAD | VOLDIKKARDINAD | MARKIISID | VOLDIK- JA L\u00d5\u00d5TSUKSED","description":"KVALITEETSED JA M\u00d5ISTLIKU HINNAGA AKNAKATTED AASTAST 1993","publisher":{"@id":"https:\/\/www.sundecor.ee\/#organization"},"potentialAction":[{"@type":"SearchAction","target":{"@type":"EntryPoint","urlTemplate":"https:\/\/www.sundecor.ee\/?s={search_term_string}"},"query-input":{"@type":"PropertyValueSpecification","valueRequired":true,"valueName":"search_term_string"}}],"inLanguage":"ru-RU"},{"@type":"Organization","@id":"https:\/\/www.sundecor.ee\/#organization","name":"P\u00e4ikesedekoori O\u00dc","url":"https:\/\/www.sundecor.ee\/","logo":{"@type":"ImageObject","inLanguage":"ru-RU","@id":"https:\/\/www.sundecor.ee\/#\/schema\/logo\/image\/","url":"https:\/\/www.sundecor.ee\/wp-content\/uploads\/2022\/07\/cropped-logo.png","contentUrl":"https:\/\/www.sundecor.ee\/wp-content\/uploads\/2022\/07\/cropped-logo.png","width":512,"height":512,"caption":"P\u00e4ikesedekoori O\u00dc"},"image":{"@id":"https:\/\/www.sundecor.ee\/#\/schema\/logo\/image\/"},"sameAs":["https:\/\/www.facebook.com\/sundecoreesti\/"]}]}},"_links":{"self":[{"href":"https:\/\/www.sundecor.ee\/ru\/wp-json\/wp\/v2\/pages\/1239","targetHints":{"allow":["GET"]}}],"collection":[{"href":"https:\/\/www.sundecor.ee\/ru\/wp-json\/wp\/v2\/pages"}],"about":[{"href":"https:\/\/www.sundecor.ee\/ru\/wp-json\/wp\/v2\/types\/page"}],"author":[{"embeddable":true,"href":"https:\/\/www.sundecor.ee\/ru\/wp-json\/wp\/v2\/users\/1"}],"replies":[{"embeddable":true,"href":"https:\/\/www.sundecor.ee\/ru\/wp-json\/wp\/v2\/comments?post=1239"}],"version-history":[{"count":7,"href":"https:\/\/www.sundecor.ee\/ru\/wp-json\/wp\/v2\/pages\/1239\/revisions"}],"predecessor-version":[{"id":10802,"href":"https:\/\/www.sundecor.ee\/ru\/wp-json\/wp\/v2\/pages\/1239\/revisions\/10802"}],"wp:attachment":[{"href":"https:\/\/www.sundecor.ee\/ru\/wp-json\/wp\/v2\/media?parent=1239"}],"curies":[{"name":"wp","href":"https:\/\/api.w.org\/{rel}","templated":true}]}}