{"id":1095,"date":"2018-10-09T03:27:46","date_gmt":"2018-10-09T03:27:46","guid":{"rendered":"https:\/\/www.sundecor.ee\/juhendid\/"},"modified":"2019-05-14T08:24:02","modified_gmt":"2019-05-14T08:24:02","slug":"kasutusjuhendid","status":"publish","type":"page","link":"https:\/\/www.sundecor.ee\/ru\/kasutusjuhendid\/","title":{"rendered":"\u0420\u0423\u041a\u041e\u0412\u041e\u0414\u0421\u0422\u0412\u0410"},"content":{"rendered":"<div id=\"proov\" class=\"fusion-container-anchor\"><div class=\"fusion-fullwidth fullwidth-box fusion-builder-row-1 nonhundred-percent-fullwidth non-hundred-percent-height-scrolling fusion-equal-height-columns\" style=\"--awb-border-radius-top-left:0px;--awb-border-radius-top-right:0px;--awb-border-radius-bottom-right:0px;--awb-border-radius-bottom-left:0px;--awb-margin-top:40px;--awb-margin-bottom:20px;--awb-flex-wrap:wrap;\" ><div class=\"fusion-builder-row fusion-row\"><div class=\"fusion-layout-column fusion_builder_column fusion-builder-column-0 fusion_builder_column_1_2 1_2 fusion-one-half fusion-column-first\" style=\"--awb-bg-size:cover;width:50%;width:calc(50% - ( ( 50px ) * 0.5 ) );margin-right: 50px;\"><div class=\"fusion-column-wrapper fusion-flex-column-wrapper-legacy\"><div class=\"fusion-image-element in-legacy-container\" style=\"--awb-caption-title-font-family:var(--h2_typography-font-family);--awb-caption-title-font-weight:var(--h2_typography-font-weight);--awb-caption-title-font-style:var(--h2_typography-font-style);--awb-caption-title-size:var(--h2_typography-font-size);--awb-caption-title-transform:var(--h2_typography-text-transform);--awb-caption-title-line-height:var(--h2_typography-line-height);--awb-caption-title-letter-spacing:var(--h2_typography-letter-spacing);\"><span class=\" fusion-imageframe imageframe-none imageframe-1 hover-type-none\"><img decoding=\"async\" width=\"1180\" height=\"1652\" title=\"juhendid\" src=\"https:\/\/www.sundecor.ee\/wp-content\/uploads\/2018\/10\/juhendid.jpg\" alt class=\"img-responsive wp-image-1096\" srcset=\"https:\/\/www.sundecor.ee\/wp-content\/uploads\/2018\/10\/juhendid-200x280.jpg 200w, https:\/\/www.sundecor.ee\/wp-content\/uploads\/2018\/10\/juhendid-400x560.jpg 400w, https:\/\/www.sundecor.ee\/wp-content\/uploads\/2018\/10\/juhendid-600x840.jpg 600w, https:\/\/www.sundecor.ee\/wp-content\/uploads\/2018\/10\/juhendid-800x1120.jpg 800w, https:\/\/www.sundecor.ee\/wp-content\/uploads\/2018\/10\/juhendid.jpg 1180w\" sizes=\"(max-width: 800px) 100vw, 1180px\" \/><\/span><\/div><div class=\"fusion-clearfix\"><\/div><\/div><\/div><div class=\"fusion-layout-column fusion_builder_column fusion-builder-column-1 fusion_builder_column_1_2 1_2 fusion-one-half fusion-column-last\" style=\"--awb-bg-size:cover;width:50%;width:calc(50% - ( ( 50px ) * 0.5 ) );\"><div class=\"fusion-column-wrapper fusion-flex-column-wrapper-legacy\"><div class=\"fusion-column-content-centered\"><div class=\"fusion-column-content\"><div class=\"fusion-title title fusion-title-1 fusion-sep-none fusion-title-text fusion-title-size-one\" style=\"--awb-margin-top:10px;--awb-margin-bottom:20px;--awb-margin-top-small:10px;--awb-margin-right-small:0px;--awb-margin-bottom-small:10px;--awb-margin-left-small:0px;\"><h1 class=\"fusion-title-heading title-heading-left fusion-responsive-typography-calculated\" style=\"margin:0;--fontSize:30;line-height:1.2;\"><strong>\u0420\u0423\u041a\u041e\u0412\u041e\u0414\u0421\u0422\u0412\u0410<\/strong><\/h1><\/div><div class=\"fusion-title title fusion-title-2 fusion-sep-none fusion-title-text fusion-title-size-three\" style=\"--awb-margin-top:20px;--awb-margin-bottom:20px;--awb-margin-top-small:10px;--awb-margin-right-small:0px;--awb-margin-bottom-small:10px;--awb-margin-left-small:0px;\"><h3 class=\"fusion-title-heading title-heading-left fusion-responsive-typography-calculated\" style=\"margin:0;--fontSize:16;--minFontSize:16;line-height:1.5;\">\u0420\u0423\u041a\u041e\u0412\u041e\u0414\u0421\u0422\u0412\u0410 \u041f\u041e \u0423\u0421\u0422\u0410\u041d\u041e\u0412\u041a\u0415<\/h3><\/div><div class=\"fusion-text fusion-text-1\"><ul>\n<li><a href=\"https:\/\/www.sundecor.ee\/juhendid\/Forte-voldikuste-paigaldusjuhend.pdf\" target=\"_blank\" rel=\"noopener\">\u0420\u0443\u043a\u043e\u0432\u043e\u0434\u0441\u0442\u0432\u043e \u043f\u043e \u0443\u0441\u0442\u0430\u043d\u043e\u0432\u043a\u0435 \u0441\u043a\u043b\u0430\u0434\u043d\u044b\u0445 \u0434\u0432\u0435\u0440\u0435\u0439 Forte<\/a><\/li>\n<li><a href=\"https:\/\/www.sundecor.ee\/juhendid\/Integreeritud-ribakardina-paigaldusjuhend-2018.pdf\" target=\"_blank\" rel=\"noopener noreferrer\">\u0420\u0443\u043a\u043e\u0432\u043e\u0434\u0441\u0442\u0432\u043e \u043f\u043e \u0443\u0441\u0442\u0430\u043d\u043e\u0432\u043a\u0435 \u0438\u043d\u0442\u0435\u0433\u0440\u0438\u0440\u043e\u0432\u0430\u043d\u043d\u044b\u0445 \u0436\u0430\u043b\u044e\u0437\u0438 <\/a><\/li>\n<li><a href=\"https:\/\/www.sundecor.ee\/juhendid\/Minikassettruloo-mootmis--ja-paigaldusjuhend-2018.pdf\" target=\"_blank\" rel=\"noopener noreferrer\">\u0420\u0443\u043a\u043e\u0432\u043e\u0434\u0441\u0442\u0432\u043e \u043f\u043e \u0438\u0437\u043c\u0435\u0440\u0435\u043d\u0438\u044e \u0438 \u0443\u0441\u0442\u0430\u043d\u043e\u0432\u043a\u0435 \u043c\u0438\u043d\u0438\u043a\u0430\u0441\u0441\u0435\u0442\u043d\u043e\u0439 \u0440\u0443\u043b\u043e\u043d\u043d\u043e\u0439 \u0448\u0442\u043e\u0440\u044b <\/a><\/li>\n<li><a href=\"https:\/\/www.sundecor.ee\/juhendid\/PVC-voldikukse-paigaldusjuhend.pdf\" target=\"_blank\" rel=\"noopener noreferrer\">\u0420\u0443\u043a\u043e\u0432\u043e\u0434\u0441\u0442\u0432\u043e \u043f\u043e \u0443\u0441\u0442\u0430\u043d\u043e\u0432\u043a\u0435 \u0441\u043a\u043b\u0430\u0434\u043d\u043e\u0439 \u0434\u0432\u0435\u0440\u0438 \u0438\u0437 \u041f\u0412\u0425 <\/a><\/li>\n<li><a href=\"https:\/\/www.sundecor.ee\/juhendid\/Pustlamellkardinate-mootmis--paigaldus--ja-kasutusjuhend-2018.pdf\" target=\"_blank\" rel=\"noopener noreferrer\">\u0420\u0443\u043a\u043e\u0432\u043e\u0434\u0441\u0442\u0432\u043e \u043f\u043e \u0438\u0437\u043c\u0435\u0440\u0435\u043d\u0438\u044e, \u0443\u0441\u0442\u0430\u043d\u043e\u0432\u043a\u0435 \u0438 \u0438\u0441\u043f\u043e\u043b\u044c\u0437\u043e\u0432\u0430\u043d\u0438\u044e \u0432\u0435\u0440\u0442\u0438\u043a\u0430\u043b\u044c\u043d\u044b\u0445 \u043b\u0430\u043c\u0435\u043b\u044c\u043d\u044b\u0445 \u0448\u0442\u043e\u0440 <\/a><\/li>\n<li><a href=\"https:\/\/www.sundecor.ee\/juhendid\/Ribakardina-paigaldus--ja-kasutusjuhend-aknapealne.pdf\" target=\"_blank\" rel=\"noopener noreferrer\">\u0420\u0443\u043a\u043e\u0432\u043e\u0434\u0441\u0442\u0432\u043e \u043f\u043e \u0443\u0441\u0442\u0430\u043d\u043e\u0432\u043a\u0435 \u0438 \u0438\u0441\u043f\u043e\u043b\u044c\u0437\u043e\u0432\u0430\u043d\u0438\u044e \u0436\u0430\u043b\u044e\u0437\u0438, \u043f\u043e\u0432\u0435\u0440\u0445 \u043e\u043a\u043d\u0430 <\/a><\/li>\n<li><a href=\"https:\/\/www.sundecor.ee\/juhendid\/Ribakardina-paigaldus--ja-kasutusjuhend-aknavaheline.pdf\" target=\"_blank\" rel=\"noopener noreferrer\">\u0420\u0443\u043a\u043e\u0432\u043e\u0434\u0441\u0442\u0432\u043e \u043f\u043e \u0443\u0441\u0442\u0430\u043d\u043e\u0432\u043a\u0435 \u0438 \u0438\u0441\u043f\u043e\u043b\u044c\u0437\u043e\u0432\u0430\u043d\u0438\u044e \u0436\u0430\u043b\u044e\u0437\u0438, \u0432\u043d\u0443\u0442\u0440\u0438 \u043e\u043a\u043d\u0430<\/a><\/li>\n<li><a href=\"https:\/\/www.sundecor.ee\/juhendid\/Rulookardina-paigaldus-ja-kasutusjuhend.pdf\" target=\"_blank\" rel=\"noopener noreferrer\">\u0420\u0443\u043a\u043e\u0432\u043e\u0434\u0441\u0442\u0432\u043e \u043f\u043e \u0443\u0441\u0442\u0430\u043d\u043e\u0432\u043a\u0435 \u0438 \u0438\u0441\u043f\u043e\u043b\u044c\u0437\u043e\u0432\u0430\u043d\u0438\u044e \u0440\u0443\u043b\u043e\u043d\u043d\u043e\u0439 \u0448\u0442\u043e\u0440\u044b <\/a><\/li>\n<li><a href=\"https:\/\/www.sundecor.ee\/juhendid\/Voldikukse-paigaldusjuhend-2018.pdf\" target=\"_blank\" rel=\"noopener noreferrer\">\u0420\u0443\u043a\u043e\u0432\u043e\u0434\u0441\u0442\u0432\u043e \u043f\u043e \u0443\u0441\u0442\u0430\u043d\u043e\u0432\u043a\u0435 \u0441\u043a\u043b\u0430\u0434\u043d\u043e\u0439 \u0434\u0432\u0435\u0440\u0438<\/a><\/li>\n<li><a href=\"https:\/\/www.sundecor.ee\/juhendid\/PVC-voldikukse-paigaldusjuhend.pdf\" target=\"_blank\" rel=\"noopener noreferrer\">\u0420\u0443\u043a\u043e\u0432\u043e\u0434\u0441\u0442\u0432\u043e \u043f\u043e \u0443\u0441\u0442\u0430\u043d\u043e\u0432\u043a\u0435 \u0441\u043a\u043b\u0430\u0434\u043d\u043e\u0439 \u0434\u0432\u0435\u0440\u0438 \u0438\u0437 \u041f\u0412\u0425<\/a><\/li>\n<li><a href=\"https:\/\/www.sundecor.ee\/juhendid\/Plissee--ehk-voldikkardinad-paigaldusvoimalused.pdf\" target=\"_blank\" rel=\"noopener noreferrer\">\u0420\u0430\u0437\u043b\u0438\u0447\u043d\u044b\u0435 \u0432\u043e\u0437\u043c\u043e\u0436\u043d\u043e\u0441\u0442\u0438 \u0443\u0441\u0442\u0430\u043d\u043e\u0432\u043a\u0438 \u0441\u043a\u043b\u0430\u0434\u043d\u043e\u0439 \u0448\u0442\u043e\u0440\u044b <\/a><\/li>\n<\/ul>\n<\/div><div class=\"fusion-title title fusion-title-3 fusion-sep-none fusion-title-text fusion-title-size-three\" style=\"--awb-margin-top:20px;--awb-margin-bottom:20px;--awb-margin-top-small:10px;--awb-margin-right-small:0px;--awb-margin-bottom-small:10px;--awb-margin-left-small:0px;\"><h3 class=\"fusion-title-heading title-heading-left fusion-responsive-typography-calculated\" style=\"margin:0;--fontSize:16;--minFontSize:16;line-height:1.5;\">\u0420\u0423\u041a\u041e\u0412\u041e\u0414\u0421\u0422\u0412\u0410 \u041f\u041e \u0418\u0417\u041c\u0415\u0420\u0415\u041d\u0418\u042e<\/h3><\/div><div class=\"fusion-text fusion-text-2\"><ul>\n<li><a href=\"https:\/\/www.sundecor.ee\/juhendid\/Pustlamellkardinate-mootmis--paigaldus--ja-kasutusjuhend.pdf\" target=\"_blank\" rel=\"noopener noreferrer\">\u0420\u0443\u043a\u043e\u0432\u043e\u0434\u0441\u0442\u0432\u0430 \u043f\u043e \u0438\u0437\u043c\u0435\u0440\u0435\u043d\u0438\u044e, \u0443\u0441\u0442\u0430\u043d\u043e\u0432\u043a\u0435 \u0438 \u0438\u0441\u043f\u043e\u043b\u044c\u0437\u043e\u0432\u0430\u043d\u0438\u044e \u0432\u0435\u0440\u0442\u0438\u043a\u0430\u043b\u044c\u043d\u044b\u0445 \u043b\u0430\u043c\u0435\u043b\u044c\u043d\u044b\u0445 \u0448\u0442\u043e\u0440 <\/a><\/li>\n<li><a href=\"https:\/\/www.sundecor.ee\/juhendid\/Minikassettruloo-mootmis--ja-paigaldusjuhend-2018.pdf\" target=\"_blank\" rel=\"noopener noreferrer\">\u0420\u0443\u043a\u043e\u0432\u043e\u0434\u0441\u0442\u0432\u043e \u043f\u043e \u0438\u0437\u043c\u0435\u0440\u0435\u043d\u0438\u044e \u0438 \u0443\u0441\u0442\u0430\u043d\u043e\u0432\u043a\u0435 \u043c\u0438\u043d\u0438\u043a\u0430\u0441\u0441\u0435\u0442\u043d\u043e\u0439 \u0448\u0442\u043e\u0440\u044b <\/a><\/li>\n<li><a href=\"https:\/\/www.sundecor.ee\/juhendid\/Voldikkardina_mootmisjuhend_1_aknaklaasi_peale.pdf\" target=\"_blank\" rel=\"noopener\">\u0420\u0443\u043a\u043e\u0432\u043e\u0434\u0441\u0442\u0432\u043e \u043f\u043e \u0438\u0437\u043c\u0435\u0440\u0435\u043d\u0438\u044e \u0441\u043a\u043b\u0430\u0434\u043d\u044b\u0435 \u0448\u0442\u043e\u0440\u044b 1<\/a><\/li>\n<li><a href=\"https:\/\/www.sundecor.ee\/juhendid\/Voldikkardina_mootmisjuhend_2_aknaraami_peale.pdf\" target=\"_blank\" rel=\"noopener\">\u0420\u0443\u043a\u043e\u0432\u043e\u0434\u0441\u0442\u0432\u043e \u043f\u043e \u0438\u0437\u043c\u0435\u0440\u0435\u043d\u0438\u044e \u0441\u043a\u043b\u0430\u0434\u043d\u044b\u0435 \u0448\u0442\u043e\u0440\u044b 2<\/a><\/li>\n<li><a href=\"https:\/\/www.sundecor.ee\/juhendid\/Voldikkardina_mootmisjuhend_3_aknaklaasi_peale.pdf\" target=\"_blank\" rel=\"noopener\">\u0420\u0443\u043a\u043e\u0432\u043e\u0434\u0441\u0442\u0432\u043e \u043f\u043e \u0438\u0437\u043c\u0435\u0440\u0435\u043d\u0438\u044e \u0441\u043a\u043b\u0430\u0434\u043d\u044b\u0435 \u0448\u0442\u043e\u0440\u044b 3<\/a><\/li>\n<\/ul>\n<\/div><div class=\"fusion-title title fusion-title-4 fusion-sep-none fusion-title-text fusion-title-size-three\" style=\"--awb-margin-top:20px;--awb-margin-bottom:20px;--awb-margin-top-small:10px;--awb-margin-right-small:0px;--awb-margin-bottom-small:10px;--awb-margin-left-small:0px;\"><h3 class=\"fusion-title-heading title-heading-left fusion-responsive-typography-calculated\" style=\"margin:0;--fontSize:16;--minFontSize:16;line-height:1.5;\">\u0420\u0423\u041a\u041e\u0412\u041e\u0414\u0421\u0422\u0412\u0410 \u041f\u041e \u041e\u0411\u0421\u041b\u0423\u0416\u0418\u0412\u0410\u041d\u0418\u042e<\/h3><\/div><div class=\"fusion-text fusion-text-3\"><ul>\n<li><a href=\"https:\/\/www.sundecor.ee\/juhendid\/Markiisi_kanga_HOOLDUS_2018.pdf\" target=\"_blank\" rel=\"noopener noreferrer\">\u041a\u0430\u043a \u0443\u0445\u0430\u0436\u0438\u0432\u0430\u0442\u044c \u0437\u0430 \u0442\u043a\u0430\u043d\u044c\u044e \u0434\u043b\u044f \u043c\u0430\u0440\u043a\u0438\u0437\u044b <\/a><\/li>\n<li><a href=\"https:\/\/www.sundecor.ee\/juhendid\/PVC-Voldikukse-hooldus-ja-garantii.pdf\" target=\"_blank\" rel=\"noopener noreferrer\">\u041e\u0431\u0441\u043b\u0443\u0436\u0438\u0432\u0430\u043d\u0438\u0435 \u0438 \u0433\u0430\u0440\u0430\u043d\u0442\u0438\u0439\u043d\u044b\u0439 \u0440\u0435\u043c\u043e\u043d\u0442 \u0441\u043a\u043b\u0430\u0434\u043d\u044b\u0445 \u0434\u0432\u0435\u0440\u0435\u0445 \u041f\u0412\u0425 <\/a><\/li>\n<li><a href=\"https:\/\/www.sundecor.ee\/juhendid\/Ruloo-hooldus--ja-kasutusjuhend.pdf\" target=\"_blank\" rel=\"noopener noreferrer\">\u0420\u0443\u043a\u043e\u0432\u043e\u0434\u0441\u0442\u0432\u043e \u043f\u043e \u043e\u0431\u0441\u043b\u0443\u0436\u0438\u0432\u0430\u043d\u0438\u044e \u0438 \u043f\u043e\u043b\u044c\u0437\u043e\u0432\u0430\u043d\u0438\u044e \u0440\u0443\u043b\u043e\u043d\u043d\u043e\u0439 \u0448\u0442\u043e\u0440\u043e\u0439 <\/a><\/li>\n<\/ul>\n<\/div><div class=\"fusion-title title fusion-title-5 fusion-sep-none fusion-title-text fusion-title-size-three\" style=\"--awb-margin-top:20px;--awb-margin-bottom:20px;--awb-margin-top-small:10px;--awb-margin-right-small:0px;--awb-margin-bottom-small:10px;--awb-margin-left-small:0px;\"><h3 class=\"fusion-title-heading title-heading-left fusion-responsive-typography-calculated\" style=\"margin:0;--fontSize:16;--minFontSize:16;line-height:1.5;\">\u0420\u0423\u041a\u041e\u0412\u041e\u0414\u0421\u0422\u0412\u0410 \u041f\u041e \u0418\u0421\u041f\u041e\u041b\u042c\u0417\u041e\u0412\u0410\u041d\u0418\u042e<\/h3><\/div><div class=\"fusion-text fusion-text-4\"><ul>\n<li><a href=\"https:\/\/www.sundecor.ee\/juhendid\/Integreeritud-ribakardina-kasutusjuhend.pdf\" target=\"_blank\" rel=\"noopener noreferrer\">\u0420\u0443\u043a\u043e\u0432\u043e\u0434\u0441\u0442\u0432\u043e \u043f\u043e \u0438\u0441\u043f\u043e\u043b\u044c\u0437\u043e\u0432\u0430\u043d\u0438\u044e \u0438\u043d\u0442\u0435\u0433\u0440\u0438\u0440\u043e\u0432\u0430\u043d\u043d\u044b\u0445 \u0436\u0430\u043b\u044e\u0437\u0438 <\/a><\/li>\n<li><a href=\"https:\/\/www.sundecor.ee\/juhendid\/Markiisi-kasutusjuhend.pdf\" target=\"_blank\" rel=\"noopener noreferrer\">\u0420\u0443\u043a\u043e\u0432\u043e\u0434\u0441\u0442\u0432\u043e \u043f\u043e \u0438\u0441\u043f\u043e\u043b\u044c\u0437\u043e\u0432\u0430\u043d\u0438\u044e \u043c\u0430\u0440\u043a\u0438\u0437\u044b <\/a><\/li>\n<\/ul>\n<\/div><\/div><\/div><div class=\"fusion-clearfix\"><\/div><\/div><\/div><\/div><\/div><\/div>\n","protected":false},"excerpt":{"rendered":"","protected":false},"author":1,"featured_media":0,"parent":0,"menu_order":0,"comment_status":"closed","ping_status":"closed","template":"100-width.php","meta":{"footnotes":""},"class_list":["post-1095","page","type-page","status-publish","hentry"],"yoast_head":"<!-- This site is optimized with the Yoast SEO plugin v27.4 - https:\/\/yoast.com\/product\/yoast-seo-wordpress\/ -->\n<title>\u0420\u0423\u041a\u041e\u0412\u041e\u0414\u0421\u0422\u0412\u0410 - Sundecor<\/title>\n<meta name=\"description\" content=\"Sundecor - RIBAKARDINAD | RULOOKARDINAD | P\u00dcSTLAMELLKARDINAD | PANEELKARDINAD | VOLDIKKARDINAD | MARKIISID | VOLDIK- JA L\u00d5\u00d5TSUKSED\" \/>\n<meta name=\"robots\" content=\"index, follow, max-snippet:-1, max-image-preview:large, max-video-preview:-1\" \/>\n<link rel=\"canonical\" href=\"https:\/\/www.sundecor.ee\/ru\/kasutusjuhendid\/\" \/>\n<meta property=\"og:locale\" content=\"ru_RU\" \/>\n<meta property=\"og:type\" content=\"article\" \/>\n<meta property=\"og:title\" content=\"\u0420\u0423\u041a\u041e\u0412\u041e\u0414\u0421\u0422\u0412\u0410 - Sundecor\" \/>\n<meta property=\"og:description\" content=\"Sundecor - RIBAKARDINAD | RULOOKARDINAD | P\u00dcSTLAMELLKARDINAD | PANEELKARDINAD | VOLDIKKARDINAD | MARKIISID | VOLDIK- JA L\u00d5\u00d5TSUKSED\" \/>\n<meta property=\"og:url\" content=\"https:\/\/www.sundecor.ee\/ru\/kasutusjuhendid\/\" \/>\n<meta property=\"og:site_name\" content=\"Sundecor\" \/>\n<meta property=\"article:publisher\" content=\"https:\/\/www.facebook.com\/sundecoreesti\/\" \/>\n<meta property=\"article:modified_time\" content=\"2019-05-14T08:24:02+00:00\" \/>\n<meta property=\"og:image\" content=\"https:\/\/www.sundecor.ee\/wp-content\/uploads\/2021\/10\/veebibanner-1.png\" \/>\n\t<meta property=\"og:image:width\" content=\"1920\" \/>\n\t<meta property=\"og:image:height\" content=\"700\" \/>\n\t<meta property=\"og:image:type\" content=\"image\/png\" \/>\n<meta name=\"twitter:card\" content=\"summary_large_image\" \/>\n<meta name=\"twitter:label1\" content=\"\u041f\u0440\u0438\u043c\u0435\u0440\u043d\u043e\u0435 \u0432\u0440\u0435\u043c\u044f \u0434\u043b\u044f \u0447\u0442\u0435\u043d\u0438\u044f\" \/>\n\t<meta name=\"twitter:data1\" content=\"3 \u043c\u0438\u043d\u0443\u0442\u044b\" \/>\n<script type=\"application\/ld+json\" class=\"yoast-schema-graph\">{\"@context\":\"https:\\\/\\\/schema.org\",\"@graph\":[{\"@type\":\"WebPage\",\"@id\":\"https:\\\/\\\/www.sundecor.ee\\\/ru\\\/kasutusjuhendid\\\/\",\"url\":\"https:\\\/\\\/www.sundecor.ee\\\/ru\\\/kasutusjuhendid\\\/\",\"name\":\"\u0420\u0423\u041a\u041e\u0412\u041e\u0414\u0421\u0422\u0412\u0410 - Sundecor\",\"isPartOf\":{\"@id\":\"https:\\\/\\\/www.sundecor.ee\\\/#website\"},\"datePublished\":\"2018-10-09T03:27:46+00:00\",\"dateModified\":\"2019-05-14T08:24:02+00:00\",\"description\":\"Sundecor - RIBAKARDINAD | RULOOKARDINAD | P\u00dcSTLAMELLKARDINAD | PANEELKARDINAD | VOLDIKKARDINAD | MARKIISID | VOLDIK- JA L\u00d5\u00d5TSUKSED\",\"breadcrumb\":{\"@id\":\"https:\\\/\\\/www.sundecor.ee\\\/ru\\\/kasutusjuhendid\\\/#breadcrumb\"},\"inLanguage\":\"ru-RU\",\"potentialAction\":[{\"@type\":\"ReadAction\",\"target\":[\"https:\\\/\\\/www.sundecor.ee\\\/ru\\\/kasutusjuhendid\\\/\"]}]},{\"@type\":\"BreadcrumbList\",\"@id\":\"https:\\\/\\\/www.sundecor.ee\\\/ru\\\/kasutusjuhendid\\\/#breadcrumb\",\"itemListElement\":[{\"@type\":\"ListItem\",\"position\":1,\"name\":\"Home\",\"item\":\"https:\\\/\\\/www.sundecor.ee\\\/ru\\\/\"},{\"@type\":\"ListItem\",\"position\":2,\"name\":\"\u0420\u0423\u041a\u041e\u0412\u041e\u0414\u0421\u0422\u0412\u0410\"}]},{\"@type\":\"WebSite\",\"@id\":\"https:\\\/\\\/www.sundecor.ee\\\/#website\",\"url\":\"https:\\\/\\\/www.sundecor.ee\\\/\",\"name\":\"Sundecor - RIBAKARDINAD | RULOOKARDINAD | P\u00dcSTLAMELLKARDINAD | PANEELKARDINAD | VOLDIKKARDINAD | MARKIISID | VOLDIK- JA L\u00d5\u00d5TSUKSED\",\"description\":\"KVALITEETSED JA M\u00d5ISTLIKU HINNAGA AKNAKATTED AASTAST 1993\",\"publisher\":{\"@id\":\"https:\\\/\\\/www.sundecor.ee\\\/#organization\"},\"potentialAction\":[{\"@type\":\"SearchAction\",\"target\":{\"@type\":\"EntryPoint\",\"urlTemplate\":\"https:\\\/\\\/www.sundecor.ee\\\/?s={search_term_string}\"},\"query-input\":{\"@type\":\"PropertyValueSpecification\",\"valueRequired\":true,\"valueName\":\"search_term_string\"}}],\"inLanguage\":\"ru-RU\"},{\"@type\":\"Organization\",\"@id\":\"https:\\\/\\\/www.sundecor.ee\\\/#organization\",\"name\":\"P\u00e4ikesedekoori O\u00dc\",\"url\":\"https:\\\/\\\/www.sundecor.ee\\\/\",\"logo\":{\"@type\":\"ImageObject\",\"inLanguage\":\"ru-RU\",\"@id\":\"https:\\\/\\\/www.sundecor.ee\\\/#\\\/schema\\\/logo\\\/image\\\/\",\"url\":\"https:\\\/\\\/www.sundecor.ee\\\/wp-content\\\/uploads\\\/2022\\\/07\\\/cropped-logo.png\",\"contentUrl\":\"https:\\\/\\\/www.sundecor.ee\\\/wp-content\\\/uploads\\\/2022\\\/07\\\/cropped-logo.png\",\"width\":512,\"height\":512,\"caption\":\"P\u00e4ikesedekoori O\u00dc\"},\"image\":{\"@id\":\"https:\\\/\\\/www.sundecor.ee\\\/#\\\/schema\\\/logo\\\/image\\\/\"},\"sameAs\":[\"https:\\\/\\\/www.facebook.com\\\/sundecoreesti\\\/\"]}]}<\/script>\n<!-- \/ Yoast SEO plugin. -->","yoast_head_json":{"title":"\u0420\u0423\u041a\u041e\u0412\u041e\u0414\u0421\u0422\u0412\u0410 - Sundecor","description":"Sundecor - RIBAKARDINAD | RULOOKARDINAD | P\u00dcSTLAMELLKARDINAD | PANEELKARDINAD | VOLDIKKARDINAD | MARKIISID | VOLDIK- JA L\u00d5\u00d5TSUKSED","robots":{"index":"index","follow":"follow","max-snippet":"max-snippet:-1","max-image-preview":"max-image-preview:large","max-video-preview":"max-video-preview:-1"},"canonical":"https:\/\/www.sundecor.ee\/ru\/kasutusjuhendid\/","og_locale":"ru_RU","og_type":"article","og_title":"\u0420\u0423\u041a\u041e\u0412\u041e\u0414\u0421\u0422\u0412\u0410 - Sundecor","og_description":"Sundecor - RIBAKARDINAD | RULOOKARDINAD | P\u00dcSTLAMELLKARDINAD | PANEELKARDINAD | VOLDIKKARDINAD | MARKIISID | VOLDIK- JA L\u00d5\u00d5TSUKSED","og_url":"https:\/\/www.sundecor.ee\/ru\/kasutusjuhendid\/","og_site_name":"Sundecor","article_publisher":"https:\/\/www.facebook.com\/sundecoreesti\/","article_modified_time":"2019-05-14T08:24:02+00:00","og_image":[{"width":1920,"height":700,"url":"https:\/\/www.sundecor.ee\/wp-content\/uploads\/2021\/10\/veebibanner-1.png","type":"image\/png"}],"twitter_card":"summary_large_image","twitter_misc":{"\u041f\u0440\u0438\u043c\u0435\u0440\u043d\u043e\u0435 \u0432\u0440\u0435\u043c\u044f \u0434\u043b\u044f \u0447\u0442\u0435\u043d\u0438\u044f":"3 \u043c\u0438\u043d\u0443\u0442\u044b"},"schema":{"@context":"https:\/\/schema.org","@graph":[{"@type":"WebPage","@id":"https:\/\/www.sundecor.ee\/ru\/kasutusjuhendid\/","url":"https:\/\/www.sundecor.ee\/ru\/kasutusjuhendid\/","name":"\u0420\u0423\u041a\u041e\u0412\u041e\u0414\u0421\u0422\u0412\u0410 - Sundecor","isPartOf":{"@id":"https:\/\/www.sundecor.ee\/#website"},"datePublished":"2018-10-09T03:27:46+00:00","dateModified":"2019-05-14T08:24:02+00:00","description":"Sundecor - RIBAKARDINAD | RULOOKARDINAD | P\u00dcSTLAMELLKARDINAD | PANEELKARDINAD | VOLDIKKARDINAD | MARKIISID | VOLDIK- JA L\u00d5\u00d5TSUKSED","breadcrumb":{"@id":"https:\/\/www.sundecor.ee\/ru\/kasutusjuhendid\/#breadcrumb"},"inLanguage":"ru-RU","potentialAction":[{"@type":"ReadAction","target":["https:\/\/www.sundecor.ee\/ru\/kasutusjuhendid\/"]}]},{"@type":"BreadcrumbList","@id":"https:\/\/www.sundecor.ee\/ru\/kasutusjuhendid\/#breadcrumb","itemListElement":[{"@type":"ListItem","position":1,"name":"Home","item":"https:\/\/www.sundecor.ee\/ru\/"},{"@type":"ListItem","position":2,"name":"\u0420\u0423\u041a\u041e\u0412\u041e\u0414\u0421\u0422\u0412\u0410"}]},{"@type":"WebSite","@id":"https:\/\/www.sundecor.ee\/#website","url":"https:\/\/www.sundecor.ee\/","name":"Sundecor - RIBAKARDINAD | RULOOKARDINAD | P\u00dcSTLAMELLKARDINAD | PANEELKARDINAD | VOLDIKKARDINAD | MARKIISID | VOLDIK- JA L\u00d5\u00d5TSUKSED","description":"KVALITEETSED JA M\u00d5ISTLIKU HINNAGA AKNAKATTED AASTAST 1993","publisher":{"@id":"https:\/\/www.sundecor.ee\/#organization"},"potentialAction":[{"@type":"SearchAction","target":{"@type":"EntryPoint","urlTemplate":"https:\/\/www.sundecor.ee\/?s={search_term_string}"},"query-input":{"@type":"PropertyValueSpecification","valueRequired":true,"valueName":"search_term_string"}}],"inLanguage":"ru-RU"},{"@type":"Organization","@id":"https:\/\/www.sundecor.ee\/#organization","name":"P\u00e4ikesedekoori O\u00dc","url":"https:\/\/www.sundecor.ee\/","logo":{"@type":"ImageObject","inLanguage":"ru-RU","@id":"https:\/\/www.sundecor.ee\/#\/schema\/logo\/image\/","url":"https:\/\/www.sundecor.ee\/wp-content\/uploads\/2022\/07\/cropped-logo.png","contentUrl":"https:\/\/www.sundecor.ee\/wp-content\/uploads\/2022\/07\/cropped-logo.png","width":512,"height":512,"caption":"P\u00e4ikesedekoori O\u00dc"},"image":{"@id":"https:\/\/www.sundecor.ee\/#\/schema\/logo\/image\/"},"sameAs":["https:\/\/www.facebook.com\/sundecoreesti\/"]}]}},"_links":{"self":[{"href":"https:\/\/www.sundecor.ee\/ru\/wp-json\/wp\/v2\/pages\/1095","targetHints":{"allow":["GET"]}}],"collection":[{"href":"https:\/\/www.sundecor.ee\/ru\/wp-json\/wp\/v2\/pages"}],"about":[{"href":"https:\/\/www.sundecor.ee\/ru\/wp-json\/wp\/v2\/types\/page"}],"author":[{"embeddable":true,"href":"https:\/\/www.sundecor.ee\/ru\/wp-json\/wp\/v2\/users\/1"}],"replies":[{"embeddable":true,"href":"https:\/\/www.sundecor.ee\/ru\/wp-json\/wp\/v2\/comments?post=1095"}],"version-history":[{"count":0,"href":"https:\/\/www.sundecor.ee\/ru\/wp-json\/wp\/v2\/pages\/1095\/revisions"}],"wp:attachment":[{"href":"https:\/\/www.sundecor.ee\/ru\/wp-json\/wp\/v2\/media?parent=1095"}],"curies":[{"name":"wp","href":"https:\/\/api.w.org\/{rel}","templated":true}]}}